{"id":8044,"date":"2024-09-20T11:25:17","date_gmt":"2024-09-20T16:25:17","guid":{"rendered":"https:\/\/hotelv1501.com\/?page_id=8044"},"modified":"2024-09-20T11:25:18","modified_gmt":"2024-09-20T16:25:18","slug":"politica-de-tratamiento-de-datos-personales","status":"publish","type":"page","link":"https:\/\/hotelv1501.com\/en\/politica-de-tratamiento-de-datos-personales\/","title":{"rendered":"POLITICA DE TRATAMIENTO DE DATOS PERSONALES"},"content":{"rendered":"<p><strong>HOTEL V1501<\/strong><\/p>\n\n\n\n<p>Para el Hotel V1501 es importante garantizar que el tratamiento de los datos personales que le son suministrados, o que recoge de sus colaboradores, usuarios, proveedores, hu\u00e9spedes o visitantes, se d\u00e9 conforme a las normas aplicables, para los fines y prop\u00f3sitos establecidos, con la seguridad y confidencialidad adecuada. En todos los casos, la recolecci\u00f3n de los datos se har\u00e1 con autorizaci\u00f3n del titular y el tratamiento de sus datos estar\u00e1 sujeto a lo establecido en la ley 1581 de 2012 y el decreto reglamentario 1377 de 2.013.y en la presente pol\u00edtica<\/p>\n\n\n\n<p>El Hotel V1501 responsable del tratamiento de la informaci\u00f3n podr\u00e1n recolectar datos personales de sus colaboradores, usuarios, proveedores, hu\u00e9spedes o visitantes, a trav\u00e9s de los distintos medios destinados para el acceso a los servicios prestados por estos. En todo caso, la recolecci\u00f3n se har\u00e1 bajo expresa autorizaci\u00f3n del titular de los datos y el tratamiento de estos estar\u00e1 sujeto a lo establecido por la ley.<\/p>\n\n\n\n<p>La informaci\u00f3n personal objeto de las consideraciones ac\u00e1 establecidas, podr\u00e1 ser recolectada a trav\u00e9s de suscripci\u00f3n de la Tarjeta de Registro Hotelero, formato de clientes o proveedores, suscriba relaci\u00f3n contractual, respecto de la informaci\u00f3n all\u00ed contenida, cuando visite o haga uso de la p\u00e1gina web www.hotelv1501.com y\/o cuando ingrese datos o informaci\u00f3n personal a trav\u00e9s de las funciones establecidas para ello, sin importar cu\u00e1l sea el fin o entregue sus datos directamente al hotel.<\/p>\n\n\n\n<p>Se entender\u00e1n aceptadas las consideraciones ac\u00e1 establecidas por el Titular de la Informaci\u00f3n, cuando suscriba la Tarjeta de Registro Hotelero, diligencie formato de clientes o proveedores, suscriba relaci\u00f3n contractual, respecto de la informaci\u00f3n all\u00ed contenida, cuando visite o haga uso de la p\u00e1gina web www.hotelv1501.com y\/o cuando ingrese datos o informaci\u00f3n personal a trav\u00e9s de las funciones establecidas para ello, sin importar cu\u00e1l sea el fin o entregue sus datos directamente al hotel<\/p>\n\n\n\n<p>OBJETIVO: Establecer los criterios para la recolecci\u00f3n, almacenamiento, uso, circulaci\u00f3n y supresi\u00f3n de los datos personales tratados por HOTEL V1501.<\/p>\n\n\n\n<p>ALCANCE: Esta pol\u00edtica aplica para toda la informaci\u00f3n personal registrada en las bases de datos de Hotel V1501 quien act\u00faa en calidad de responsable del tratamiento de los datos personales.<\/p>\n\n\n\n<p>OBLIGACIONES: Esta pol\u00edtica es de obligatorio y estricto cumplimiento para Hotel V1501.<\/p>\n\n\n\n<ol type=\"1\">\n<li><strong>Responsable del tratamiento<\/strong><\/li>\n<\/ol>\n\n\n\n<p><strong>Hotel V1501<\/strong>, sociedad comercial legalmente constituida, identificada con el NIT 900835788-3 &nbsp;, con domicilio principal en la Calle 20 No 33 -60 de la ciudad de Pasto, p\u00e1gina www.hotelv1501.com Tel\u00e9fono 3184873470 en la ciudad de Pasto.<\/p>\n\n\n\n<ul>\n<li><strong>Definiciones<\/strong><\/li>\n<\/ul>\n\n\n\n<p>De conformidad con la ley 1581 de 2012 y el decreto 1377 de 2.013, las siguientes definiciones regir\u00e1n las pol\u00edticas de tratamiento de la informaci\u00f3n personal.<\/p>\n\n\n\n<ol type=\"a\">\n<li>Autorizaci\u00f3n: Consentimiento previo, expreso e informado del Titular para llevar a cabo el Tratamiento de datos personales.<\/li>\n\n\n\n<li>Base de datos: Conjunto organizado de datos personales que sea objeto de Tratamiento.<\/li>\n\n\n\n<li>Dato personal: Cualquier informaci\u00f3n vinculada o que pueda asociarse a una o varias personas naturales determinadas o determinables.<\/li>\n\n\n\n<li>Encargado del tratamiento: Persona natural o jur\u00eddica, p\u00fablica o privada, que por s\u00ed misma o en asocio con otros, realice el Tratamiento de datos personales por cuenta del responsable del Tratamiento<\/li>\n\n\n\n<li>Responsable del tratamiento: Persona natural o jur\u00eddica, p\u00fablica o privada, que por s\u00ed misma o en asocio con otros, decida sobre la base de datos y\/o el Tratamiento de los datos.<\/li>\n\n\n\n<li>Titular: Persona natural cuyos datos personales sean objeto de Tratamiento.<\/li>\n\n\n\n<li>Tratamiento: Cualquier operaci\u00f3n o conjunto de operaciones sobre datos personales, tales como la recolecci\u00f3n, almacenamiento, uso, circulaci\u00f3n o supresi\u00f3n.<\/li>\n\n\n\n<li>Aviso de privacidad: Comunicaci\u00f3n verbal o escrita generada por el responsable, dirigida al Titular para el Tratamiento de sus datos personales, mediante la cual se le informa acerca de la existencia de las pol\u00edticas de Tratamiento de informaci\u00f3n que le ser\u00e1n aplicables, la forma de acceder a las mismas y las finalidades del Tratamiento que se pretende dar a los datos personales.<\/li>\n\n\n\n<li>Dato p\u00fablico: Es el dato que no sea semiprivado, privado o sensible. Son considerados datos p\u00fablicos, entre otros, los datos relativos al estado civil de las personas, a su profesi\u00f3n u oficio y a su calidad de comerciante o de servidor p\u00fablico. Por su naturaleza, los datos p\u00fablicos pueden estar contenidos, entre otros, en registros p\u00fablicos, documentos p\u00fablicos, gacetas y boletines oficiales y sentencias judiciales debidamente ejecutoriadas que no est\u00e9n sometidas a reserva.<\/li>\n\n\n\n<li>Datos sensibles: Se entiende por datos sensibles aquellos que afectan la intimidad del Titular o cuyo uso indebido puede generar su discriminaci\u00f3n, tales como aquellos que revelen el origen racial o \u00e9tnico, la orientaci\u00f3n pol\u00edtica, las convicciones religiosas o filos\u00f3ficas, la pertenencia a sindicatos, organizaciones sociales, de derechos humanos o que promueva intereses de cualquier partido pol\u00edtico o que garanticen los derechos y garant\u00edas de partidos pol\u00edticos de oposici\u00f3n, as\u00ed como los datos relativos a la salud, a la vida sexual, y los datos biom\u00e9tricos.<\/li>\n\n\n\n<li>Transferencia: La transferencia de datos tiene lugar cuando el Responsable y\/o Encargado del Tratamiento de datos personales, ubicado en Colombia, env\u00eda la informaci\u00f3n o los datos personales a un receptor, que a su vez es Responsable del Tratamiento y se encuentra dentro o fuera del pa\u00eds.<\/li>\n\n\n\n<li>Transmisi\u00f3n: Tratamiento de datos personales que implica la comunicaci\u00f3n de los mismos dentro o fuera del territorio de la Rep\u00fablica de Colombia cuando tenga por objeto la realizaci\u00f3n de un Tratamiento por el Encargado por cuenta del Responsable.<\/li>\n<\/ol>\n\n\n\n<ul>\n<li><strong>Tratamiento y finalidad<\/strong><\/li>\n<\/ul>\n\n\n\n<p>El tratamiento que realizar\u00e1 Hotel V1501 con los datos de los colaboradores, usuarios, proveedores, hu\u00e9spedes o visitantes, consiste en:<\/p>\n\n\n\n<ol type=\"a\">\n<li>Prestar un mejor servicio y atenci\u00f3n<\/li>\n\n\n\n<li>Proveer y promocionar los servicios de Hotel V1501<\/li>\n\n\n\n<li>Invitar a participar de ofertas, estudios y dem\u00e1s estudios programados por el hotel<\/li>\n\n\n\n<li>Facilitar los canales de comunicaci\u00f3n con el Hotel V1501<\/li>\n\n\n\n<li>Cumplir con las obligaciones contra\u00eddas en virtud de la relaci\u00f3n legal, contractual,<\/li>\n<\/ol>\n\n\n\n<p>laboral y\/o reglamentaria contra\u00edda con Hotel V1501<\/p>\n\n\n\n<ul>\n<li>Evaluar la calidad de nuestros servicios<\/li>\n<\/ul>\n\n\n\n<ul>\n<li><strong>Derechos de los titulares:<\/strong><\/li>\n<\/ul>\n\n\n\n<p>Como titular de sus datos personales Usted tiene derecho a:<\/p>\n\n\n\n<ol type=\"a\">\n<li>Acceder de forma gratuita a los datos proporcionados que hayan sido objeto de tratamiento.<\/li>\n\n\n\n<li>Conocer, actualizar y rectificar su informaci\u00f3n frente a datos parciales, inexactos, incompletos, fraccionados, que induzcan a error, o aquellos cuyo tratamiento est\u00e9 prohibido o no haya sido autorizado.<\/li>\n\n\n\n<li>Solicitar prueba de la autorizaci\u00f3n otorgada.<\/li>\n\n\n\n<li>Presentar ante la Superintendencia de Industria y Comercio (SIC) quejas por infracciones a lo dispuesto en la normatividad vigente.<\/li>\n\n\n\n<li>Revocar la autorizaci\u00f3n y\/o solicitar la supresi\u00f3n del dato, siempre que no exista un deber legal o contractual que impida eliminarlos.<\/li>\n\n\n\n<li>Abstenerse de responder las preguntas sobre datos sensibles. Tendr\u00e1 car\u00e1cter facultativo las respuestas que versen sobre datos sensibles o sobre datos de las ni\u00f1as y ni\u00f1os y adolescentes.<\/li>\n<\/ol>\n\n\n\n<ul>\n<li><strong>Derechos de los ni\u00f1os y adolescentes<\/strong><\/li>\n<\/ul>\n\n\n\n<p>El Hotel V1501 asegura el respeto a los derechos prevalentes de los ni\u00f1os y adolescentes.<\/p>\n\n\n\n<p>El Tratamiento de datos personales de ni\u00f1os, ni\u00f1as y adolescentes est\u00e1 prohibido, excepto cuando se trate de datos de naturaleza p\u00fablica, de conformidad con lo establecido en el art\u00edculo 7\u00b0 de la Ley 1581 de 2012 y cuando dicho Tratamiento cumpla con los siguientes par\u00e1metros y requisitos:<\/p>\n\n\n\n<p>1. Que responda y respete el inter\u00e9s superior de los ni\u00f1os, ni\u00f1as y adolescentes.<\/p>\n\n\n\n<p>2. Que se asegure el respeto de sus derechos fundamentales.<\/p>\n\n\n\n<p>Cumplidos los anteriores requisitos, el representante legal del ni\u00f1o, ni\u00f1a o adolescente otorgar\u00e1 la autorizaci\u00f3n previo ejercicio del menor de su derecho a ser escuchado, opini\u00f3n que ser\u00e1 valorada teniendo en cuenta la madurez, autonom\u00eda y capacidad para entender el asunto.<\/p>\n\n\n\n<p>Todo responsable y encargado involucrado en el tratamiento de los datos personales de ni\u00f1os, ni\u00f1as y adolescentes, deber\u00e1 velar por el uso adecuado de los mismos. Para este fin deber\u00e1n aplicarse los principios y obligaciones establecidos en la Ley 1581 de 2012 y el presente decreto.<\/p>\n\n\n\n<p>La familia y la sociedad deben velar porque los responsables y encargados del tratamiento de los datos personales de los menores de edad cumplan las obligaciones establecidas en la Ley 1581 de 2012 y el presente decreto.<\/p>\n\n\n\n<ul>\n<li><strong>Deberes de los Responsables de Tratamiento.<\/strong><\/li>\n<\/ul>\n\n\n\n<p>El Hotel V1501 deber\u00e1 cumplir con los siguientes deberes, de acuerdo al Articulo 17 del decreto 1377,<\/p>\n\n\n\n<ol type=\"a\">\n<li>Garantizar al Titular, en todo tiempo, el pleno y efectivo ejercicio del derecho de h\u00e1beas data.<\/li>\n\n\n\n<li>Solicitar y conservar, en las condiciones previstas en la presente ley, copia de la respectiva autorizaci\u00f3n otorgada por el Titular<\/li>\n\n\n\n<li>Informar debidamente al Titular sobre la finalidad de la recolecci\u00f3n y los derechos que le asisten por virtud de la autorizaci\u00f3n otorgada<\/li>\n\n\n\n<li>Conservar la informaci\u00f3n bajo las condiciones de seguridad necesarias para impedir su adulteraci\u00f3n, p\u00e9rdida, consulta, uso o acceso no autorizado o fraudulento<\/li>\n\n\n\n<li>Garantizar que la informaci\u00f3n que se suministre al Encargado del Tratamiento sea veraz, completa, exacta, actualizada, comprobable y comprensible<\/li>\n\n\n\n<li>Actualizar la informaci\u00f3n, comunicando de forma oportuna al Encargado del Tratamiento, todas las novedades respecto de los datos que previamente le haya suministrado y adoptar las dem\u00e1s medidas necesarias para que la informaci\u00f3n suministrada a este se mantenga actualizada<\/li>\n\n\n\n<li>Rectificar la informaci\u00f3n cuando sea incorrecta y comunicar lo pertinente al Encargado del Tratamiento<\/li>\n\n\n\n<li>Suministrar al Encargado del Tratamiento, seg\u00fan el caso, \u00fanicamente datos cuyo Tratamiento est\u00e9 previamente autorizado de conformidad con lo previsto en la presente ley<\/li>\n\n\n\n<li>Exigir al Encargado del Tratamiento en todo momento, el respeto a las condiciones de seguridad y privacidad de la informaci\u00f3n del Titular<\/li>\n\n\n\n<li>Tramitar las consultas y reclamos formulados en los t\u00e9rminos se\u00f1alados en la presente ley<\/li>\n\n\n\n<li>Adoptar un manual interno de pol\u00edticas y procedimientos para garantizar el adecuado cumplimiento de la presente ley y en especial, para la atenci\u00f3n de consultas y reclamos;<\/li>\n\n\n\n<li>Informar al Encargado del Tratamiento cuando determinada informaci\u00f3n se encuentra en discusi\u00f3n por parte del Titular, una vez se haya presentado la reclamaci\u00f3n y no haya finalizado el tr\u00e1mite respectivo<\/li>\n\n\n\n<li>Informar a solicitud del Titular sobre el uso dado a sus datos<\/li>\n\n\n\n<li>Informar a la autoridad de protecci\u00f3n de datos cuando se presenten violaciones a los c\u00f3digos de seguridad y existan riesgos en la administraci\u00f3n de la informaci\u00f3n de los Titulares<\/li>\n\n\n\n<li>Cumplir las instrucciones y requerimientos que imparta la Superintendencia de Industria y Comercio<\/li>\n<\/ol>\n\n\n\n<ul>\n<li><strong>Legitimaci\u00f3n para el ejercicio de los derechos del titular<\/strong><\/li>\n<\/ul>\n\n\n\n<p>Los derechos de los Titulares establecidos en el decreto 1377 articulo 20 , podr\u00e1n ejercerse ante Hotel V1501 por las siguientes personas:<\/p>\n\n\n\n<ol type=\"a\">\n<li>Por el Titular, quien deber\u00e1 acreditar su identidad en forma suficiente por los distintos medios que le ponga a disposici\u00f3n el responsable.<\/li>\n\n\n\n<li>Por sus causahabientes, quienes deber\u00e1n acreditar tal calidad.<\/li>\n\n\n\n<li>Por el representante y\/o apoderado del Titular, previa acreditaci\u00f3n de la representaci\u00f3n o apoderamiento.<\/li>\n\n\n\n<li>Por estipulaci\u00f3n a favor de otro o para otro. Los derechos de los ni\u00f1os, ni\u00f1as o adolescentes se ejercer\u00e1n por las personas que est\u00e9n facultadas para representarlos.<\/li>\n<\/ol>\n\n\n\n<ul>\n<li><strong>Responsable de atenci\u00f3n de peticiones, consultas y reclamos.<\/strong><\/li>\n<\/ul>\n\n\n\n<p>El \u00e1rea de Comunicaciones y Mercadeo (\u00e1rea o persona encargada de la atenci\u00f3n de consultas y reclamos) es la dependencia que tiene a cargo dar tr\u00e1mite a las solicitudes de los titulares para hacer efectivos sus derechos la cual pueden contactar a trav\u00e9s del correo electr\u00f3nico :dondetodosucede@hotelv1501.com<\/p>\n\n\n\n<ul>\n<li><strong>Procedimiento para el ejercicio del derecho de habeas data<\/strong><\/li>\n<\/ul>\n\n\n\n<p>En cumplimiento de las normas sobre protecci\u00f3n de datos personales, Hotel V1501 presenta el procedimiento y requisitos m\u00ednimos para el ejercicio de sus derechos: Para la radicaci\u00f3n y atenci\u00f3n de su solicitud le solicitamos suministrar la siguiente informaci\u00f3n: Nombre completo y apellidos Datos de contacto (Direcci\u00f3n f\u00edsica y\/o electr\u00f3nica y tel\u00e9fonos de contacto), Medios para recibir respuesta a su solicitud, Motivo(s)\/hecho(s) que dan lugar al reclamo con una breve descripci\u00f3n del derecho que desea ejercer (conocer, actualizar, rectificar, solicitar prueba de la autorizaci\u00f3n otorgada, revocarla, suprimir, acceder a la informaci\u00f3n) Firma (si aplica) y n\u00famero de identificaci\u00f3n. El t\u00e9rmino m\u00e1ximo previsto por la ley para resolver su reclamaci\u00f3n es de quince (15) d\u00edas h\u00e1biles, contado a partir del d\u00eda siguiente a la fecha de su recibo. Cuando no fuere posible atender el reclamo dentro de dicho t\u00e9rmino, HotelV1501 informar\u00e1 al interesado los motivos de la demora y la fecha en que se atender\u00e1 su reclamo, la cual en ning\u00fan caso podr\u00e1 superar los ocho (8) d\u00edas h\u00e1biles siguientes al vencimiento del primer t\u00e9rmino. Una vez cumplidos los t\u00e9rminos se\u00f1alados por la Ley 1581 de 2012 y las dem\u00e1s normas que la reglamenten o complementen, el Titular al que se deniegue, total o parcialmente, el ejercicio de los derechos de acceso, actualizaci\u00f3n, rectificaci\u00f3n, supresi\u00f3n y revocaci\u00f3n, podr\u00e1 poner su caso en conocimiento de la Superintendencia de Industria y Comercio \u2013Delegatura para la Protecci\u00f3n de Datos Personales-.<\/p>\n\n\n\n<ol type=\"1\">\n<li><strong>Revocatoria de la autorizaci\u00f3n y\/o supresi\u00f3n del dato:<\/strong><\/li>\n<\/ol>\n\n\n\n<p>Los Titulares o su representante podr\u00e1n en todo momento solicitar al Hotel V1501 &nbsp;la supresi\u00f3n de sus datos personales y\/o revocar la autorizaci\u00f3n otorgada para el Tratamiento de estos, mediante la presentaci\u00f3n de un reclamo, de acuerdo con lo establecido en el art\u00edculo 15 de la Ley 1581 de 2012 y el numeral 9 de la presente Pol\u00edtica.<\/p>\n\n\n\n<p>La solicitud de supresi\u00f3n de la informaci\u00f3n y la revocatoria de la autorizaci\u00f3n no proceder\u00e1n cuando el Titular tenga un deber legal, contractual, laboral v\/o reglamentario de permanecer en la base de datos. Tampoco ser\u00e1 procedente la supresi\u00f3n cuando:<\/p>\n\n\n\n<p>a) El Titular de la informaci\u00f3n tenga un deber legal o contractual con La Empresa y, para lograr su cabal cumplimiento se requiera la informaci\u00f3n que consta en la base de datos<\/p>\n\n\n\n<p>b) La supresi\u00f3n de los datos por parte de HOTELV1501., implique la obstaculizaci\u00f3n del desarrollo de las investigaciones judiciales o administrativas a ejecutar por parte de las autoridades competentes.<\/p>\n\n\n\n<p>Si vencido el t\u00e9rmino legal respectivo, el responsable y\/o el encargado, seg\u00fan fuera el caso, no hubieran eliminado los datos personales, el Titular tendr\u00e1 derecho a solicitar a la Superintendencia de Industria y Comercio que ordene la revocatoria de la autorizaci\u00f3n y\/o la supresi\u00f3n de los datos personales. Para estos efectos se aplicara el procedimiento descrito en el art\u00edculo 22 de la Ley 1581 de 2012.<\/p>\n\n\n\n<ol type=\"1\">\n<li><strong>Publicaci\u00f3n:<\/strong><\/li>\n<\/ol>\n\n\n\n<p>La presente Pol\u00edtica ha sido publicada en La p\u00e1gina web la direcci\u00f3n de la p\u00e1gina web es: <a href=\"https:\/\/hotelv1501.com\/en\/\">www.hotelv1501.com<\/a><\/p>\n\n\n\n<ol type=\"1\">\n<li><strong>Vigencia:<\/strong><\/li>\n<\/ol>\n\n\n\n<p>La presente POLITICA DE TRATAMIENTO DE DATOS PERSONALES de Hotel V1501 Rige a partir del 1 de enero 2022.<\/p>\n\n\n\n<p>LUIS ERNESTO CHAVES MARTINEZ<\/p>\n\n\n\n<p><strong>REPRESENTANTE LEGAL<\/strong><\/p>\n\n\n\n<p><strong>HOTEL V1501<\/strong><\/p>\n\n\n\n<p><strong>AVISO DE PRIVACIDAD<\/strong><\/p>\n\n\n\n<p>El presente Aviso de Privacidad establece los t\u00e9rminos y condiciones en virtud de los cuales<strong> Hotel V1501<\/strong>, sociedad comercial legalmente constituida, identificada con el NIT 900835788-3&nbsp; domicliada en Pasto realizar\u00e1 el tratamiento de sus datos personales.<\/p>\n\n\n\n<ol type=\"1\">\n<li>TRATAMIENTO Y FINALIDAD: El tratamiento que realizar\u00e1 HOTELV1501 con la informaci\u00f3n personal ser\u00e1 el siguiente: La recolecci\u00f3n y almacenamiento con el fin de (i) Prestar un mejor servicio y atenci\u00f3n&nbsp; (ii)&nbsp; Proveer y promocionar los servicios de Hotel V1501 (iii)&nbsp; Invitar a participar de ofertas, estudios y dem\u00e1s estudios programados por el hotel Facilitar los canales de comunicaci\u00f3n con el Hotel V1501 (iv) Cumplir con las obligaciones contra\u00eddas en virtud de la relaci\u00f3n legal, contractual, laboral y\/o reglamentaria contra\u00edda con Hotel V1501 (v) Evaluar la calidad de nuestros servicios<\/li>\n<\/ol>\n\n\n\n<ul>\n<li>DERECHOS DEL TITULAR: Como titular de sus datos personales Usted tiene derecho a: (i) Acceder en forma gratuita a los datos proporcionados que hayan sido objeto de tratamiento. (ii) Conocer, actualizar y rectificar su informaci\u00f3n frente a datos parciales, inexactos, incompletos, fraccionados, que induzcan a error, o a aquellos cuyo tratamiento est\u00e9 prohibido o no haya sido autorizado. (iii) Solicitar prueba de la autorizaci\u00f3n otorgada. (iv) Presentar ante la Superintendencia de Industria y Comercio (SIC) quejas por infracciones a lo dispuesto en la normatividad vigente. (v) Revocar la autorizaci\u00f3n y\/o solicitar la supresi\u00f3n del dato, siempre que no exista un deber legal o contractual que impida eliminarlos. (vi) Abstenerse de responder las preguntas sobre datos sensibles. Tendr\u00e1 car\u00e1cter facultativo las respuestas que versen sobre datos sensibles o sobre datos de las ni\u00f1as y ni\u00f1os y adolescentes.<\/li>\n<\/ul>\n\n\n\n<ul>\n<li>MECANISMOS PARA CONOCER LA POL\u00cdTICA DE TRATAMIENTO El Titular puede acceder a nuestra Pol\u00edtica de Tratamiento de informaci\u00f3n, la cual se encuentra publicada en pagina web hotelv1501.com<\/li>\n<\/ul>","protected":false},"excerpt":{"rendered":"<p>HOTEL V1501 Para el Hotel V1501 es importante garantizar que el tratamiento de los datos personales que le son suministrados, o que recoge de sus colaboradores, usuarios, proveedores, hu\u00e9spedes o visitantes, se d\u00e9 conforme a las normas aplicables, para los fines y prop\u00f3sitos establecidos, con la seguridad y confidencialidad adecuada. En todos los casos, la [&hellip;]<\/p>","protected":false},"author":1,"featured_media":0,"parent":0,"menu_order":0,"comment_status":"closed","ping_status":"closed","template":"","meta":{"footnotes":""},"_links":{"self":[{"href":"https:\/\/hotelv1501.com\/en\/wp-json\/wp\/v2\/pages\/8044"}],"collection":[{"href":"https:\/\/hotelv1501.com\/en\/wp-json\/wp\/v2\/pages"}],"about":[{"href":"https:\/\/hotelv1501.com\/en\/wp-json\/wp\/v2\/types\/page"}],"author":[{"embeddable":true,"href":"https:\/\/hotelv1501.com\/en\/wp-json\/wp\/v2\/users\/1"}],"replies":[{"embeddable":true,"href":"https:\/\/hotelv1501.com\/en\/wp-json\/wp\/v2\/comments?post=8044"}],"version-history":[{"count":1,"href":"https:\/\/hotelv1501.com\/en\/wp-json\/wp\/v2\/pages\/8044\/revisions"}],"predecessor-version":[{"id":8046,"href":"https:\/\/hotelv1501.com\/en\/wp-json\/wp\/v2\/pages\/8044\/revisions\/8046"}],"wp:attachment":[{"href":"https:\/\/hotelv1501.com\/en\/wp-json\/wp\/v2\/media?parent=8044"}],"curies":[{"name":"wp","href":"https:\/\/api.w.org\/{rel}","templated":true}]}}