{"id":8016,"date":"2024-07-04T11:16:56","date_gmt":"2024-07-04T16:16:56","guid":{"rendered":"https:\/\/hotelv1501.com\/?page_id=8016"},"modified":"2024-07-04T11:16:58","modified_gmt":"2024-07-04T16:16:58","slug":"petfriendly","status":"publish","type":"page","link":"https:\/\/hotelv1501.com\/en\/petfriendly\/","title":{"rendered":"Pet Friendly"},"content":{"rendered":"<p class=\"has-text-align-justify\">En el Hotel V1501, entendemos que las mascotas son parte de su familia, y queremos que se sienta bienvenido a alojarse con ellas. Nuestra pol\u00edtica Pet Friendly est\u00e1 dise\u00f1ada para brindarle a usted y a su mascota una experiencia c\u00f3moda y agradable durante su estancia con nosotros.<\/p>\n\n\n\n<p class=\"has-text-align-justify\"><br><strong>Dep\u00f3sito y garant\u00eda de da\u00f1os:<\/strong> En caso que su mascota genere alg\u00fan da\u00f1o a las instalaciones de la habitaci\u00f3n o zonas comunes, usted ser\u00e1 responsable de los cargos adicionales correspondientes en su totalidad, deber\u00e1 dejar un dep\u00f3sito de <strong>$200.000 COP<\/strong>, en efectivo, los cuales permanecer\u00e1n en un sobre en la caja de recepci\u00f3n, en caso de no haber ning\u00fan da\u00f1o, se har\u00e1 la respectiva devoluci\u00f3n.<\/p>\n\n\n\n<p class=\"has-text-align-justify\"><br><strong>Disponibilidad:<\/strong> Por favor, inf\u00f3rmenos con antelaci\u00f3n si planea realizar una reserva que incluya alojamiento para su mascota. Esto nos permitir\u00e1 verificar la disponibilidad de habitaciones Pet friendly y estar preparados para su llegada.<\/p>\n\n\n\n<p class=\"has-text-align-justify\"><br><strong>Tarifa por Mascota:<\/strong> Se aplicar\u00e1 una tarifa adicional de<strong> $100.000 + 19%<\/strong> correspondiente a impuestos por mascota a su tarifa de habitaci\u00f3n por estad\u00eda (m\u00e1ximo 3 noches). Esta tarifa incluye una cama y comedero, as\u00ed mismo cubre los costos adicionales de limpieza y mantenimiento. Por habitaci\u00f3n, se permiten un m\u00e1ximo de 2 mascotas.<\/p>\n\n\n\n<p class=\"has-text-align-justify\"><br><strong>Tama\u00f1o de la Mascota:<\/strong> Aceptamos mascotas de tama\u00f1o peque\u00f1o a mediano. Para garantizar la comodidad de todos nuestros hu\u00e9spedes, las mascotas grandes pueden estar sujetas a restricciones adicionales; comun\u00edquese con nosotros para obtener m\u00e1s informaci\u00f3n.<\/p>\n\n\n\n<p class=\"has-text-align-justify\"><br><strong>Requisitos relacionados con su mascota:<\/strong> Debe estar libre de par\u00e1sitos, pulgas y\/o garrapatas, y deber\u00e1 estar al d\u00eda con sus vacunas.<\/p>\n\n\n\n<p class=\"has-text-align-justify\">El acceso a tu mascota estar\u00e1 restringido en el restaurante y cafeter\u00eda seg\u00fan lanormatividad vigente.<\/p>\n\n\n\n<ul>\n<li>Por favor, aseg\u00farese de que su mascota no cause molestias a otros hu\u00e9spedes con ruidos excesivos.<\/li>\n\n\n\n<li>Si su mascota est\u00e1 en la habitaci\u00f3n y necesita servicio de limpieza, comun\u00edquese con la recepci\u00f3n para programar un horario conveniente.<\/li>\n\n\n\n<li>Si por alg\u00fan motivo su mascota realiza sus necesidades al interior de las instalaciones del hotel, es su responsabilidad recoger heces o limpiar el \u00e1rea comprometida.<\/li>\n\n\n\n<li>Le recordamos que usted es el responsable del comportamiento de su mascota , porfavor mantenla(s) con collar o guacal en las \u00e1reas comunes del hotel<\/li>\n\n\n\n<li>El acceso a tu mascota estar\u00e1 restringido en el restaurante y cafeter\u00eda seg\u00fan la normatividad vigente.<\/li>\n<\/ul>","protected":false},"excerpt":{"rendered":"<p>En el Hotel V1501, entendemos que las mascotas son parte de su familia, y queremos que se sienta bienvenido a alojarse con ellas. Nuestra pol\u00edtica Pet Friendly est\u00e1 dise\u00f1ada para brindarle a usted y a su mascota una experiencia c\u00f3moda y agradable durante su estancia con nosotros. Dep\u00f3sito y garant\u00eda de da\u00f1os: En caso que [&hellip;]<\/p>","protected":false},"author":1,"featured_media":0,"parent":0,"menu_order":0,"comment_status":"closed","ping_status":"closed","template":"","meta":{"footnotes":""},"_links":{"self":[{"href":"https:\/\/hotelv1501.com\/en\/wp-json\/wp\/v2\/pages\/8016"}],"collection":[{"href":"https:\/\/hotelv1501.com\/en\/wp-json\/wp\/v2\/pages"}],"about":[{"href":"https:\/\/hotelv1501.com\/en\/wp-json\/wp\/v2\/types\/page"}],"author":[{"embeddable":true,"href":"https:\/\/hotelv1501.com\/en\/wp-json\/wp\/v2\/users\/1"}],"replies":[{"embeddable":true,"href":"https:\/\/hotelv1501.com\/en\/wp-json\/wp\/v2\/comments?post=8016"}],"version-history":[{"count":1,"href":"https:\/\/hotelv1501.com\/en\/wp-json\/wp\/v2\/pages\/8016\/revisions"}],"predecessor-version":[{"id":8017,"href":"https:\/\/hotelv1501.com\/en\/wp-json\/wp\/v2\/pages\/8016\/revisions\/8017"}],"wp:attachment":[{"href":"https:\/\/hotelv1501.com\/en\/wp-json\/wp\/v2\/media?parent=8016"}],"curies":[{"name":"wp","href":"https:\/\/api.w.org\/{rel}","templated":true}]}}